{"id":384,"date":"2017-10-31T12:27:57","date_gmt":"2017-10-31T16:27:57","guid":{"rendered":"http:\/\/mariehelenebeaudry.com\/biography-of-marie-helene\/"},"modified":"2018-02-22T15:28:20","modified_gmt":"2018-02-22T20:28:20","slug":"biography","status":"publish","type":"page","link":"https:\/\/marie-helenebeaudry.com\/en\/biography\/","title":{"rendered":"Biography of Marie-H\u00e9l\u00e8ne"},"content":{"rendered":"<p>[et_pb_section bb_built=&#8221;1&#8243;][et_pb_row][et_pb_column type=&#8221;1_3&#8243;][et_pb_image _builder_version=&#8221;3.0.105&#8243; show_in_lightbox=&#8221;off&#8221; url_new_window=&#8221;off&#8221; src=&#8221;https:\/\/marie-helenebeaudry.com\/wp-content\/uploads\/2018\/01\/Beaudry.png&#8221; always_center_on_mobile=&#8221;on&#8221; use_overlay=&#8221;off&#8221; force_fullwidth=&#8221;off&#8221; show_bottom_space=&#8221;on&#8221; \/][\/et_pb_column][et_pb_column type=&#8221;2_3&#8243;][et_pb_text _builder_version=&#8221;3.0.85&#8243; background_layout=&#8221;light&#8221;]<\/p>\n<p>Born in Quebec , Marie-H\u00e9l\u00e8ne Beaudry now lives in the country side.\u00a0 Since her toddler years, she has never stopped experimenting with space and color.\u00a0 In High School, she preferred classes where she could draw, unnoticed; it is in her Biology class that she discovers her interest in drawing animal and human forms. As of today, throughout her research, man in his capacity to transform adversity is omnipresent.\u00a0 Beaudry has traveled through considerable trials and tribulations in her life.\u00a0 Her work transpires to its core the affirmation of emerging power. Represented by the Caelum Gallery in New York, Beaudry is part of numerous private and public collections throughout Quebec as well as the United States.<\/p>\n<p><strong><em>Nowhere and everywhere. A space where the artist is at ease.<\/em><\/strong><\/p>\n<p>Marie-H\u00e9l\u00e8ne Beaudry&#8217;s work breathes freedom. Her paintings have a unique quality: they evolve before our very eyes. The transcendent shapes convey the viewer into another dimension&#8230;and the viewer is more than tempted. \u00a0 His consenting eyes are captured by the imaginary, he adapts his dreams to the world he sees, he becomes himself creator.<\/p>\n<p>For Marie-H\u00e9l\u00e8ne, the creative process begins with emptiness. An hour of meditation is an absolute must before holding the brush. To be in tune with the moment, the sky has to be clear. The expression of her work is spontaneous and experimental because she is constantly evolving from one world to another.<\/p>\n<p>She worships the moment, this is why she imposes on herself no constraint and no plan. The immaculate canvas will dictate the path.<br \/>\nMarie-H\u00e9l\u00e8ne has an intimate relationship with colors. She dives into the Prussian blues, she soars with the luminous ocres. Like a chameleon, she alters her skin color to embrace the mutant on the canvas. She \u00a0 will just go where she needs to go. That&#8217;s how free spirits do.<\/p>\n<p>There are so many avenues in art, but one thing that should be said about Marie-H\u00e9l\u00e8ne Beaudry&#8217;s work is that it invites us to rise above the routine of life. It is everything but real.<\/p>\n<p>The essence of dreams is lightness and fantasy. So be it, thinks the unrestrained artist before discarding the thought itself. Let there be light!<\/p>\n<p style=\"text-align: right;\"><em>Marie-Christine Lussier, author<\/em><\/p>\n<p>[\/et_pb_text][\/et_pb_column][\/et_pb_row][\/et_pb_section]<\/p>\n","protected":false},"excerpt":{"rendered":"<p><div class=\"et_pb_row et_pb_row_0 et_pb_row_empty\">\n\t\t\t\t\n\t\t\t\t\n\t\t\t\t\n\t\t\t\t\n\t\t\t\t\n\t\t\t<\/div> Born in Quebec , Marie-H\u00e9l\u00e8ne Beaudry now lives in the country side.\u00a0 Since her toddler years, she has never stopped experimenting with space and color.\u00a0 In High School, she preferred classes where she could draw, unnoticed; it is in her Biology class that she discovers her interest in drawing animal and human forms. As [&hellip;]<\/p>\n","protected":false},"author":1,"featured_media":0,"parent":0,"menu_order":0,"comment_status":"closed","ping_status":"closed","template":"","meta":{"_et_pb_use_builder":"on","_et_pb_old_content":"","_et_gb_content_width":"","inline_featured_image":false,"ngg_post_thumbnail":0,"footnotes":""},"yoast_head":"<!-- This site is optimized with the Yoast SEO plugin v20.13 - https:\/\/yoast.com\/wordpress\/plugins\/seo\/ -->\n<title>Biography of Marie-H\u00e9l\u00e8ne | Marie-H\u00e9l\u00e8ne-Beaudry \u2013 Artiste en arts visuels<\/title>\n<meta name=\"robots\" content=\"index, follow, max-snippet:-1, max-image-preview:large, max-video-preview:-1\" \/>\n<link rel=\"canonical\" href=\"https:\/\/marie-helenebeaudry.com\/en\/biography\/\" \/>\n<meta property=\"og:locale\" content=\"en_US\" \/>\n<meta property=\"og:type\" content=\"article\" \/>\n<meta property=\"og:title\" content=\"Biography of Marie-H\u00e9l\u00e8ne | Marie-H\u00e9l\u00e8ne-Beaudry \u2013 Artiste en arts visuels\" \/>\n<meta property=\"og:description\" content=\"Born in Quebec , Marie-H\u00e9l\u00e8ne Beaudry now lives in the country side.\u00a0 Since her toddler years, she has never stopped experimenting with space and color.\u00a0 In High School, she preferred classes where she could draw, unnoticed; it is in her Biology class that she discovers her interest in drawing animal and human forms. As [&hellip;]\" \/>\n<meta property=\"og:url\" content=\"https:\/\/marie-helenebeaudry.com\/en\/biography\/\" \/>\n<meta property=\"og:site_name\" content=\"Marie-H\u00e9l\u00e8ne-Beaudry \u2013 Artiste en arts visuels\" \/>\n<meta property=\"article:modified_time\" content=\"2018-02-22T20:28:20+00:00\" \/>\n<meta name=\"twitter:card\" content=\"summary_large_image\" \/>\n<meta name=\"twitter:label1\" content=\"Est. reading time\" \/>\n\t<meta name=\"twitter:data1\" content=\"2 minutes\" \/>\n<script type=\"application\/ld+json\" class=\"yoast-schema-graph\">{\"@context\":\"https:\/\/schema.org\",\"@graph\":[{\"@type\":\"WebPage\",\"@id\":\"https:\/\/marie-helenebeaudry.com\/en\/biography\/\",\"url\":\"https:\/\/marie-helenebeaudry.com\/en\/biography\/\",\"name\":\"Biography of Marie-H\u00e9l\u00e8ne | Marie-H\u00e9l\u00e8ne-Beaudry \u2013 Artiste en arts visuels\",\"isPartOf\":{\"@id\":\"https:\/\/marie-helenebeaudry.com\/en\/#website\"},\"datePublished\":\"2017-10-31T16:27:57+00:00\",\"dateModified\":\"2018-02-22T20:28:20+00:00\",\"breadcrumb\":{\"@id\":\"https:\/\/marie-helenebeaudry.com\/en\/biography\/#breadcrumb\"},\"inLanguage\":\"en-US\",\"potentialAction\":[{\"@type\":\"ReadAction\",\"target\":[\"https:\/\/marie-helenebeaudry.com\/en\/biography\/\"]}]},{\"@type\":\"BreadcrumbList\",\"@id\":\"https:\/\/marie-helenebeaudry.com\/en\/biography\/#breadcrumb\",\"itemListElement\":[{\"@type\":\"ListItem\",\"position\":1,\"name\":\"Accueil\",\"item\":\"https:\/\/marie-helenebeaudry.com\/en\/\"},{\"@type\":\"ListItem\",\"position\":2,\"name\":\"Biography of Marie-H\u00e9l\u00e8ne\"}]},{\"@type\":\"WebSite\",\"@id\":\"https:\/\/marie-helenebeaudry.com\/en\/#website\",\"url\":\"https:\/\/marie-helenebeaudry.com\/en\/\",\"name\":\"Marie-H\u00e9l\u00e8ne-Beaudry \u2013 Artiste en arts visuels\",\"description\":\"Humaine comme une oeuvre\",\"potentialAction\":[{\"@type\":\"SearchAction\",\"target\":{\"@type\":\"EntryPoint\",\"urlTemplate\":\"https:\/\/marie-helenebeaudry.com\/en\/?s={search_term_string}\"},\"query-input\":\"required name=search_term_string\"}],\"inLanguage\":\"en-US\"}]}<\/script>\n<!-- \/ Yoast SEO plugin. -->","yoast_head_json":{"title":"Biography of Marie-H\u00e9l\u00e8ne | Marie-H\u00e9l\u00e8ne-Beaudry \u2013 Artiste en arts visuels","robots":{"index":"index","follow":"follow","max-snippet":"max-snippet:-1","max-image-preview":"max-image-preview:large","max-video-preview":"max-video-preview:-1"},"canonical":"https:\/\/marie-helenebeaudry.com\/en\/biography\/","og_locale":"en_US","og_type":"article","og_title":"Biography of Marie-H\u00e9l\u00e8ne | Marie-H\u00e9l\u00e8ne-Beaudry \u2013 Artiste en arts visuels","og_description":"Born in Quebec , Marie-H\u00e9l\u00e8ne Beaudry now lives in the country side.\u00a0 Since her toddler years, she has never stopped experimenting with space and color.\u00a0 In High School, she preferred classes where she could draw, unnoticed; it is in her Biology class that she discovers her interest in drawing animal and human forms. As [&hellip;]","og_url":"https:\/\/marie-helenebeaudry.com\/en\/biography\/","og_site_name":"Marie-H\u00e9l\u00e8ne-Beaudry \u2013 Artiste en arts visuels","article_modified_time":"2018-02-22T20:28:20+00:00","twitter_card":"summary_large_image","twitter_misc":{"Est. reading time":"2 minutes"},"schema":{"@context":"https:\/\/schema.org","@graph":[{"@type":"WebPage","@id":"https:\/\/marie-helenebeaudry.com\/en\/biography\/","url":"https:\/\/marie-helenebeaudry.com\/en\/biography\/","name":"Biography of Marie-H\u00e9l\u00e8ne | Marie-H\u00e9l\u00e8ne-Beaudry \u2013 Artiste en arts visuels","isPartOf":{"@id":"https:\/\/marie-helenebeaudry.com\/en\/#website"},"datePublished":"2017-10-31T16:27:57+00:00","dateModified":"2018-02-22T20:28:20+00:00","breadcrumb":{"@id":"https:\/\/marie-helenebeaudry.com\/en\/biography\/#breadcrumb"},"inLanguage":"en-US","potentialAction":[{"@type":"ReadAction","target":["https:\/\/marie-helenebeaudry.com\/en\/biography\/"]}]},{"@type":"BreadcrumbList","@id":"https:\/\/marie-helenebeaudry.com\/en\/biography\/#breadcrumb","itemListElement":[{"@type":"ListItem","position":1,"name":"Accueil","item":"https:\/\/marie-helenebeaudry.com\/en\/"},{"@type":"ListItem","position":2,"name":"Biography of Marie-H\u00e9l\u00e8ne"}]},{"@type":"WebSite","@id":"https:\/\/marie-helenebeaudry.com\/en\/#website","url":"https:\/\/marie-helenebeaudry.com\/en\/","name":"Marie-H\u00e9l\u00e8ne-Beaudry \u2013 Artiste en arts visuels","description":"Humaine comme une oeuvre","potentialAction":[{"@type":"SearchAction","target":{"@type":"EntryPoint","urlTemplate":"https:\/\/marie-helenebeaudry.com\/en\/?s={search_term_string}"},"query-input":"required name=search_term_string"}],"inLanguage":"en-US"}]}},"_links":{"self":[{"href":"https:\/\/marie-helenebeaudry.com\/en\/wp-json\/wp\/v2\/pages\/384"}],"collection":[{"href":"https:\/\/marie-helenebeaudry.com\/en\/wp-json\/wp\/v2\/pages"}],"about":[{"href":"https:\/\/marie-helenebeaudry.com\/en\/wp-json\/wp\/v2\/types\/page"}],"author":[{"embeddable":true,"href":"https:\/\/marie-helenebeaudry.com\/en\/wp-json\/wp\/v2\/users\/1"}],"replies":[{"embeddable":true,"href":"https:\/\/marie-helenebeaudry.com\/en\/wp-json\/wp\/v2\/comments?post=384"}],"version-history":[{"count":2,"href":"https:\/\/marie-helenebeaudry.com\/en\/wp-json\/wp\/v2\/pages\/384\/revisions"}],"predecessor-version":[{"id":583,"href":"https:\/\/marie-helenebeaudry.com\/en\/wp-json\/wp\/v2\/pages\/384\/revisions\/583"}],"wp:attachment":[{"href":"https:\/\/marie-helenebeaudry.com\/en\/wp-json\/wp\/v2\/media?parent=384"}],"curies":[{"name":"wp","href":"https:\/\/api.w.org\/{rel}","templated":true}]}}