{"id":576,"date":"2017-10-26T00:33:43","date_gmt":"2017-10-26T04:33:43","guid":{"rendered":"http:\/\/mariehelenebeaudry.com\/marie-helene-beaudry\/"},"modified":"2018-02-26T11:59:55","modified_gmt":"2018-02-26T16:59:55","slug":"marie-helene-beaudry","status":"publish","type":"page","link":"https:\/\/marie-helenebeaudry.com\/en\/","title":{"rendered":"Marie-H\u00e9l\u00e8ne Beaudry"},"content":{"rendered":"<p>[et_pb_section bb_built=&#8221;1&#8243; background_color=&#8221;#505050&#8243; _builder_version=&#8221;3.0.85&#8243; custom_margin=&#8221;0px|0px|0px|0px&#8221; custom_padding=&#8221;0px|0px|0px|0px&#8221; next_background_color=&#8221;#ffffff&#8221;][et_pb_row _builder_version=&#8221;3.0.85&#8243;][et_pb_column type=&#8221;4_4&#8243;][et_pb_cta admin_label=&#8221;Call To Action&#8221; title=&#8221;DiXit&#8221; button_url=&#8221;https:\/\/marie-helenebeaudry.com\/project\/&#8221; use_background_color=&#8221;off&#8221; _builder_version=&#8221;3.0.105&#8243; header_level=&#8221;h1&#8243; header_font=&#8221;Actor||||||||&#8221; header_font_size=&#8221;100px&#8221; body_font=&#8221;Actor||||||||&#8221; background_size=&#8221;initial&#8221; background_position=&#8221;top_left&#8221; background_repeat=&#8221;repeat&#8221; custom_margin=&#8221;0px|0px|10px|0px&#8221; custom_padding=&#8221;0px|0px|0px|0px&#8221; button_alignment=&#8221;right&#8221; animation_direction=&#8221;left&#8221; box_shadow_style=&#8221;preset6&#8243; url_new_window=&#8221;off&#8221; background_layout=&#8221;dark&#8221; custom_button=&#8221;off&#8221; button_icon_placement=&#8221;right&#8221;]<\/p>\n<p>A movie from Marie-H\u00e9l\u00e8ne Beaudry<\/p>\n<p>[\/et_pb_cta][et_pb_video src=&#8221;https:\/\/marie-helenebeaudry.com\/wp-content\/uploads\/videos\/DiXit40.mp4&#8243; src_webm=&#8221;https:\/\/marie-helenebeaudry.com\/wp-content\/uploads\/videos\/DiXit40.webm&#8221; image_src=&#8221;https:\/\/marie-helenebeaudry.com\/wp-content\/uploads\/2017\/10\/PosterDiXit.jpg&#8221; _builder_version=&#8221;3.0.97&#8243; border_radii=&#8221;on|10px|10px|10px|10px&#8221; border_width_all=&#8221;2px&#8221; border_color_all=&#8221;rgba(0,0,0,0.69)&#8221; max_width=&#8221;720px&#8221; module_alignment=&#8221;center&#8221; animation_style=&#8221;fade&#8221;]<\/p>\n<p>&nbsp;<\/p>\n<p>[\/et_pb_video][\/et_pb_column][\/et_pb_row][\/et_pb_section][et_pb_section bb_built=&#8221;1&#8243; _builder_version=&#8221;3.0.85&#8243; custom_padding=&#8221;20px|0px|0px|0px&#8221; prev_background_color=&#8221;#505050&#8243; next_background_color=&#8221;#efefef&#8221;][et_pb_row _builder_version=&#8221;3.0.85&#8243;][et_pb_column type=&#8221;1_3&#8243;][et_pb_cta title=&#8221;Marie-H\u00e9l\u00e8ne Beaudry&#8221; button_url=&#8221;https:\/\/marie-helenebeaudry.com\/en\/biography&#8221; button_text=&#8221;Biography&#8221; use_background_color=&#8221;off&#8221; background_layout=&#8221;light&#8221; _builder_version=&#8221;3.0.105&#8243; animation_style=&#8221;zoom&#8221; url_new_window=&#8221;off&#8221; custom_button=&#8221;off&#8221; button_icon_placement=&#8221;right&#8221;]<\/p>\n<p><img decoding=\"async\" loading=\"lazy\" class=\"alignnone size-medium wp-image-397\" src=\"https:\/\/marie-helenebeaudry.com\/wp-content\/uploads\/2018\/01\/Beaudry-300x182.png\" alt=\"\" width=\"300\" height=\"182\" srcset=\"https:\/\/marie-helenebeaudry.com\/wp-content\/uploads\/2018\/01\/Beaudry-300x182.png 300w, https:\/\/marie-helenebeaudry.com\/wp-content\/uploads\/2018\/01\/Beaudry.png 320w\" sizes=\"(max-width: 300px) 100vw, 300px\" \/><\/p>\n<p>[\/et_pb_cta][\/et_pb_column][et_pb_column type=&#8221;2_3&#8243;][et_pb_text _builder_version=&#8221;3.0.105&#8243; max_width=&#8221;80%&#8221; background_layout=&#8221;light&#8221;]<\/p>\n<h1>D\u00e9marche de l\u2019artiste<\/h1>\n<p>Travailler en arts visuels n\u2019est pas un choix de carri\u00e8re, c\u2019est inn\u00e9 c\u2019est primordial.<\/p>\n<p>Cela r\u00e9pond \u00e0 une n\u00e9cessit\u00e9 de changer la vie.<\/p>\n<p>Observer, r\u00e9fl\u00e9chir, interroger.<\/p>\n<p>\u00c0 travers mon regard, je d\u00e9couvre les beaut\u00e9s de la nature, les couleurs&nbsp;la lumi\u00e8re, des athmosph\u00e8res.<\/p>\n<p>Se d\u00e9gage d\u2019un travail d\u2019une trentaine d\u2019ann\u00e9es un regard sensible, critique et courageux.<\/p>\n<p>Pour moi l\u2019art est un message d\u2019espoir.<\/p>\n<p style=\"text-align: right;\"><em>Marie-H\u00e9l\u00e8ne<\/em><\/p>\n<p>[\/et_pb_text][\/et_pb_column][\/et_pb_row][\/et_pb_section][et_pb_section bb_built=&#8221;1&#8243; fullwidth=&#8221;on&#8221; specialty=&#8221;off&#8221; prev_background_color=&#8221;#ffffff&#8221; _builder_version=&#8221;3.0.105&#8243; max_width=&#8221;96%&#8221; module_alignment=&#8221;center&#8221; background_color=&#8221;#efefef&#8221; box_shadow_style=&#8221;preset3&#8243; custom_padding=&#8221;12px||12px|&#8221; animation_style=&#8221;fade&#8221;][et_pb_dpfullwidth_blog _builder_version=&#8221;3.0.105&#8243; posts_number=&#8221;80&#8243; orderby=&#8221;name&#8221; order=&#8221;ASC&#8221; custom_post_types=&#8221;project&#8221; include_categories=&#8221;11,10,57,28,5,60,16,14,17,26,68,13,23,36,54,24,15,6,9,22,12,4,34,21,8,18,7,56,64,33,19,52,20,37,32,25,42,44,40,45,39,46,67,66,41,47,50,65,51,63,62,61,59,58,55,53,43,48,38,49&#8243; show_title=&#8221;on&#8221; lightbox=&#8221;off&#8221; popup=&#8221;off&#8221; custom_url=&#8221;off&#8221; custom_fields=&#8221;on&#8221; show_date=&#8221;off&#8221; show_excerpt=&#8221;off&#8221; fullwidth=&#8221;off&#8221; arrow_placement=&#8221;on&#8221; auto=&#8221;off&#8221; background_layout=&#8221;light&#8221; custom_field_names=&#8221;annee&#8221; custom_field_labels=&#8221; &#8221; excerpt_limit=&#8221;225&#8243; cf_value_font=&#8221;|700|||||||&#8221; cf_value_text_color=&#8221;#c1c1c1&#8243; cf_value_line_height=&#8221;1.2em&#8221; max_width=&#8221;97%&#8221; module_alignment=&#8221;center&#8221; \/][\/et_pb_section]<\/p>\n","protected":false},"excerpt":{"rendered":"<p>A movie from Marie-H\u00e9l\u00e8ne Beaudry &nbsp; D\u00e9marche de l\u2019artiste Travailler en arts visuels n\u2019est pas un choix de carri\u00e8re, c\u2019est inn\u00e9 c\u2019est primordial. Cela r\u00e9pond \u00e0 une n\u00e9cessit\u00e9 de changer la vie. Observer, r\u00e9fl\u00e9chir, interroger. \u00c0 travers mon regard, je d\u00e9couvre les beaut\u00e9s de la nature, les couleurs&nbsp;la lumi\u00e8re, des athmosph\u00e8res. Se d\u00e9gage d\u2019un travail [&hellip;]<\/p>\n","protected":false},"author":1,"featured_media":398,"parent":0,"menu_order":0,"comment_status":"closed","ping_status":"closed","template":"","meta":{"_et_pb_use_builder":"on","_et_pb_old_content":"","_et_gb_content_width":"","inline_featured_image":false,"ngg_post_thumbnail":0,"footnotes":""},"yoast_head":"<!-- This site is optimized with the Yoast SEO plugin v20.13 - https:\/\/yoast.com\/wordpress\/plugins\/seo\/ -->\n<title>Marie-H\u00e9l\u00e8ne Beaudry | Marie-H\u00e9l\u00e8ne-Beaudry \u2013 Artiste en arts visuels<\/title>\n<meta name=\"robots\" content=\"index, follow, max-snippet:-1, max-image-preview:large, max-video-preview:-1\" \/>\n<link rel=\"canonical\" href=\"https:\/\/marie-helenebeaudry.com\/en\/\" \/>\n<meta property=\"og:locale\" content=\"en_US\" \/>\n<meta property=\"og:type\" content=\"article\" \/>\n<meta property=\"og:title\" content=\"Marie-H\u00e9l\u00e8ne Beaudry | Marie-H\u00e9l\u00e8ne-Beaudry \u2013 Artiste en arts visuels\" \/>\n<meta property=\"og:description\" content=\"A movie from Marie-H\u00e9l\u00e8ne Beaudry &nbsp; D\u00e9marche de l\u2019artiste Travailler en arts visuels n\u2019est pas un choix de carri\u00e8re, c\u2019est inn\u00e9 c\u2019est primordial. Cela r\u00e9pond \u00e0 une n\u00e9cessit\u00e9 de changer la vie. Observer, r\u00e9fl\u00e9chir, interroger. \u00c0 travers mon regard, je d\u00e9couvre les beaut\u00e9s de la nature, les couleurs&nbsp;la lumi\u00e8re, des athmosph\u00e8res. Se d\u00e9gage d\u2019un travail [&hellip;]\" \/>\n<meta property=\"og:url\" content=\"https:\/\/marie-helenebeaudry.com\/en\/\" \/>\n<meta property=\"og:site_name\" content=\"Marie-H\u00e9l\u00e8ne-Beaudry \u2013 Artiste en arts visuels\" \/>\n<meta property=\"article:modified_time\" content=\"2018-02-26T16:59:55+00:00\" \/>\n<meta property=\"og:image\" content=\"https:\/\/marie-helenebeaudry.com\/wp-content\/uploads\/2018\/01\/Beaudry.png\" \/>\n\t<meta property=\"og:image:width\" content=\"320\" \/>\n\t<meta property=\"og:image:height\" content=\"194\" \/>\n\t<meta property=\"og:image:type\" content=\"image\/png\" \/>\n<meta name=\"twitter:card\" content=\"summary_large_image\" \/>\n<meta name=\"twitter:label1\" content=\"Est. reading time\" \/>\n\t<meta name=\"twitter:data1\" content=\"2 minutes\" \/>\n<script type=\"application\/ld+json\" class=\"yoast-schema-graph\">{\"@context\":\"https:\/\/schema.org\",\"@graph\":[{\"@type\":\"WebPage\",\"@id\":\"https:\/\/marie-helenebeaudry.com\/en\/\",\"url\":\"https:\/\/marie-helenebeaudry.com\/en\/\",\"name\":\"Marie-H\u00e9l\u00e8ne Beaudry | Marie-H\u00e9l\u00e8ne-Beaudry \u2013 Artiste en arts visuels\",\"isPartOf\":{\"@id\":\"https:\/\/marie-helenebeaudry.com\/en\/#website\"},\"datePublished\":\"2017-10-26T04:33:43+00:00\",\"dateModified\":\"2018-02-26T16:59:55+00:00\",\"breadcrumb\":{\"@id\":\"https:\/\/marie-helenebeaudry.com\/en\/#breadcrumb\"},\"inLanguage\":\"en-US\",\"potentialAction\":[{\"@type\":\"ReadAction\",\"target\":[\"https:\/\/marie-helenebeaudry.com\/en\/\"]}]},{\"@type\":\"BreadcrumbList\",\"@id\":\"https:\/\/marie-helenebeaudry.com\/en\/#breadcrumb\",\"itemListElement\":[{\"@type\":\"ListItem\",\"position\":1,\"name\":\"Accueil\",\"item\":\"https:\/\/marie-helenebeaudry.com\/en\/\"},{\"@type\":\"ListItem\",\"position\":2,\"name\":\"Marie-H\u00e9l\u00e8ne Beaudry\"}]},{\"@type\":\"WebSite\",\"@id\":\"https:\/\/marie-helenebeaudry.com\/en\/#website\",\"url\":\"https:\/\/marie-helenebeaudry.com\/en\/\",\"name\":\"Marie-H\u00e9l\u00e8ne-Beaudry \u2013 Artiste en arts visuels\",\"description\":\"Humaine comme une oeuvre\",\"potentialAction\":[{\"@type\":\"SearchAction\",\"target\":{\"@type\":\"EntryPoint\",\"urlTemplate\":\"https:\/\/marie-helenebeaudry.com\/en\/?s={search_term_string}\"},\"query-input\":\"required name=search_term_string\"}],\"inLanguage\":\"en-US\"}]}<\/script>\n<!-- \/ Yoast SEO plugin. -->","yoast_head_json":{"title":"Marie-H\u00e9l\u00e8ne Beaudry | Marie-H\u00e9l\u00e8ne-Beaudry \u2013 Artiste en arts visuels","robots":{"index":"index","follow":"follow","max-snippet":"max-snippet:-1","max-image-preview":"max-image-preview:large","max-video-preview":"max-video-preview:-1"},"canonical":"https:\/\/marie-helenebeaudry.com\/en\/","og_locale":"en_US","og_type":"article","og_title":"Marie-H\u00e9l\u00e8ne Beaudry | Marie-H\u00e9l\u00e8ne-Beaudry \u2013 Artiste en arts visuels","og_description":"A movie from Marie-H\u00e9l\u00e8ne Beaudry &nbsp; D\u00e9marche de l\u2019artiste Travailler en arts visuels n\u2019est pas un choix de carri\u00e8re, c\u2019est inn\u00e9 c\u2019est primordial. Cela r\u00e9pond \u00e0 une n\u00e9cessit\u00e9 de changer la vie. Observer, r\u00e9fl\u00e9chir, interroger. \u00c0 travers mon regard, je d\u00e9couvre les beaut\u00e9s de la nature, les couleurs&nbsp;la lumi\u00e8re, des athmosph\u00e8res. Se d\u00e9gage d\u2019un travail [&hellip;]","og_url":"https:\/\/marie-helenebeaudry.com\/en\/","og_site_name":"Marie-H\u00e9l\u00e8ne-Beaudry \u2013 Artiste en arts visuels","article_modified_time":"2018-02-26T16:59:55+00:00","og_image":[{"width":320,"height":194,"url":"https:\/\/marie-helenebeaudry.com\/wp-content\/uploads\/2018\/01\/Beaudry.png","type":"image\/png"}],"twitter_card":"summary_large_image","twitter_misc":{"Est. reading time":"2 minutes"},"schema":{"@context":"https:\/\/schema.org","@graph":[{"@type":"WebPage","@id":"https:\/\/marie-helenebeaudry.com\/en\/","url":"https:\/\/marie-helenebeaudry.com\/en\/","name":"Marie-H\u00e9l\u00e8ne Beaudry | Marie-H\u00e9l\u00e8ne-Beaudry \u2013 Artiste en arts visuels","isPartOf":{"@id":"https:\/\/marie-helenebeaudry.com\/en\/#website"},"datePublished":"2017-10-26T04:33:43+00:00","dateModified":"2018-02-26T16:59:55+00:00","breadcrumb":{"@id":"https:\/\/marie-helenebeaudry.com\/en\/#breadcrumb"},"inLanguage":"en-US","potentialAction":[{"@type":"ReadAction","target":["https:\/\/marie-helenebeaudry.com\/en\/"]}]},{"@type":"BreadcrumbList","@id":"https:\/\/marie-helenebeaudry.com\/en\/#breadcrumb","itemListElement":[{"@type":"ListItem","position":1,"name":"Accueil","item":"https:\/\/marie-helenebeaudry.com\/en\/"},{"@type":"ListItem","position":2,"name":"Marie-H\u00e9l\u00e8ne Beaudry"}]},{"@type":"WebSite","@id":"https:\/\/marie-helenebeaudry.com\/en\/#website","url":"https:\/\/marie-helenebeaudry.com\/en\/","name":"Marie-H\u00e9l\u00e8ne-Beaudry \u2013 Artiste en arts visuels","description":"Humaine comme une oeuvre","potentialAction":[{"@type":"SearchAction","target":{"@type":"EntryPoint","urlTemplate":"https:\/\/marie-helenebeaudry.com\/en\/?s={search_term_string}"},"query-input":"required name=search_term_string"}],"inLanguage":"en-US"}]}},"_links":{"self":[{"href":"https:\/\/marie-helenebeaudry.com\/en\/wp-json\/wp\/v2\/pages\/576"}],"collection":[{"href":"https:\/\/marie-helenebeaudry.com\/en\/wp-json\/wp\/v2\/pages"}],"about":[{"href":"https:\/\/marie-helenebeaudry.com\/en\/wp-json\/wp\/v2\/types\/page"}],"author":[{"embeddable":true,"href":"https:\/\/marie-helenebeaudry.com\/en\/wp-json\/wp\/v2\/users\/1"}],"replies":[{"embeddable":true,"href":"https:\/\/marie-helenebeaudry.com\/en\/wp-json\/wp\/v2\/comments?post=576"}],"version-history":[{"count":9,"href":"https:\/\/marie-helenebeaudry.com\/en\/wp-json\/wp\/v2\/pages\/576\/revisions"}],"predecessor-version":[{"id":918,"href":"https:\/\/marie-helenebeaudry.com\/en\/wp-json\/wp\/v2\/pages\/576\/revisions\/918"}],"wp:featuredmedia":[{"embeddable":true,"href":"https:\/\/marie-helenebeaudry.com\/en\/wp-json\/wp\/v2\/media\/398"}],"wp:attachment":[{"href":"https:\/\/marie-helenebeaudry.com\/en\/wp-json\/wp\/v2\/media?parent=576"}],"curies":[{"name":"wp","href":"https:\/\/api.w.org\/{rel}","templated":true}]}}